{"id":242,"date":"2025-09-09T15:58:15","date_gmt":"2025-09-09T13:58:15","guid":{"rendered":"https:\/\/www.bluestoneconciergerie.com\/mentions-legales\/"},"modified":"2025-11-27T13:47:54","modified_gmt":"2025-11-27T12:47:54","slug":"legal-notices","status":"publish","type":"page","link":"https:\/\/www.bluestoneconciergerie.com\/en\/legal-notices\/","title":{"rendered":"Legal notices"},"content":{"rendered":"\n<h1 class=\"wp-block-heading\">Legal notices<\/h1>\n\n\n\n<h2 class=\"wp-block-heading\" id=\"raison-sociale\">Company name<\/h2>\n\n\n\n<p>PAULENA<br>5 bis, boulevard Henri Barbusse &#8211; 06340 DRAP<br>RCS : 513 059 469 R.C.S. Nice<br>N\u00b0Siret : 51305946900017<\/p>\n\n\n\n<h2 class=\"wp-block-heading\" id=\"coordonnees\">Contact details<\/h2>\n\n\n\n<p>Phone :\u00a006 03 84 38 00<\/p>\n\n\n\n<h2 class=\"wp-block-heading\">Responsible for publication<\/h2>\n\n\n\n<p>Richard Marro<br>T\u00e9l\u00e9phone : 06 03 84 38 00<br>Mail : <a href=\"mailto:c&#111;&#110;tact&#64;b&#108;ues&#116;&#111;ne&#99;&#111;ncie&#114;&#103;er&#105;&#101;.&#99;o&#109;\">&#99;&#111;&#110;tact&#64;blu&#101;&#115;to&#110;eco&#110;&#99;&#105;e&#114;&#103;&#101;rie&#46;&#99;&#111;m<\/a><\/p>\n\n\n\n<h2 class=\"wp-block-heading\" id=\"hebergement-du-site\">Website hosting<\/h2>\n\n\n\n<p>Website host : OVH SERVEUR D\u00c9DI\u00c9 par ComDZ<br>2 rue Kellerman<br>Roubaix \u2013 France<br>Website : https:\/\/www.ovh.com\/<\/p>\n\n\n\n<h2 class=\"wp-block-heading\" id=\"creation-et-developpement\">Design and development<\/h2>\n\n\n\n<p>ComDZ Agency<br>Address : 9 place Garibaldi \u2013 06300 Nice<br>Phone : 04 93 34 18 68<br>Website : www.comdz.fr<\/p>\n\n\n\n<h2 class=\"wp-block-heading\" id=\"credit-photos\">Photo credits<\/h2>\n\n\n\n<p>The visual elements used in this website were created by comdz. Certain visual elements may also come from the Freepik stock photos.<\/p>\n\n\n\n<h2 class=\"wp-block-heading\" id=\"avertissement\">Disclaimer<\/h2>\n\n\n\n<p>Content on the www.bluestoneconciergerie.com website is solely intended for the purpose of information and is non-contractual. We make every effort to ensure the exactitude and updating of information provided on this website, whose content we reserve the right to correct at any time and without notice. This content is non-exhaustive. The Paul\u00e9na company declines all responsibility for any errors, inaccuracies or omissions in this information.<\/p>\n\n\n\n<h2 class=\"wp-block-heading\" id=\"droit-de-propriete\">Right of ownership<\/h2>\n\n\n\n<p>The website and its various components are protected by intellectual and industrial property law. Consequently, any representation, reproduction and, more generally, any use, by any means whatsoever, of all or part of the website (its general structure, photographs, information, icons, logos and graphics) without prior written authorisation of the Paul\u00e9na company is strictly prohibited. The information contained in the website is exclusively reserved for private use. The reproduction of any document published on the www.bluestoneconciergerie.com website and the use of any copies made is solely authorised for information purposes for personal and private use.<\/p>\n","protected":false},"excerpt":{"rendered":"<p>Legal notices Company name PAULENA5 bis, boulevard Henri Barbusse &#8211; 06340 DRAPRCS : 513 059 469 R.C.S. NiceN\u00b0Siret : 51305946900017 Contact details Phone :\u00a006 03 84 38 00 Responsible for publication Richard MarroT\u00e9l\u00e9phone : 06 03 84 38 00Mail : Website hosting Website host : OVH SERVEUR D\u00c9DI\u00c9 par ComDZ2 rue KellermanRoubaix \u2013 FranceWebsite : [&hellip;]<\/p>\n","protected":false},"author":1,"featured_media":0,"parent":0,"menu_order":0,"comment_status":"closed","ping_status":"closed","template":"templates\/template-legal.php","meta":{"_acf_changed":false,"_seopress_robots_primary_cat":"","_seopress_titles_title":"","_seopress_titles_desc":"","_seopress_robots_index":"","inline_featured_image":false,"footnotes":""},"class_list":["post-242","page","type-page","status-publish","hentry"],"acf":[],"_links":{"self":[{"href":"https:\/\/www.bluestoneconciergerie.com\/en\/wp-json\/wp\/v2\/pages\/242","targetHints":{"allow":["GET"]}}],"collection":[{"href":"https:\/\/www.bluestoneconciergerie.com\/en\/wp-json\/wp\/v2\/pages"}],"about":[{"href":"https:\/\/www.bluestoneconciergerie.com\/en\/wp-json\/wp\/v2\/types\/page"}],"author":[{"embeddable":true,"href":"https:\/\/www.bluestoneconciergerie.com\/en\/wp-json\/wp\/v2\/users\/1"}],"replies":[{"embeddable":true,"href":"https:\/\/www.bluestoneconciergerie.com\/en\/wp-json\/wp\/v2\/comments?post=242"}],"version-history":[{"count":6,"href":"https:\/\/www.bluestoneconciergerie.com\/en\/wp-json\/wp\/v2\/pages\/242\/revisions"}],"predecessor-version":[{"id":358,"href":"https:\/\/www.bluestoneconciergerie.com\/en\/wp-json\/wp\/v2\/pages\/242\/revisions\/358"}],"wp:attachment":[{"href":"https:\/\/www.bluestoneconciergerie.com\/en\/wp-json\/wp\/v2\/media?parent=242"}],"curies":[{"name":"wp","href":"https:\/\/api.w.org\/{rel}","templated":true}]}}